{"id":27,"date":"2022-10-04T17:57:15","date_gmt":"2022-10-04T15:57:15","guid":{"rendered":"https:\/\/www.ua-cast.com\/\/?page_id=27"},"modified":"2022-12-01T13:42:15","modified_gmt":"2022-12-01T12:42:15","slug":"privacy-policy","status":"publish","type":"page","link":"https:\/\/www.ua-cast.com\/fr\/privacy-policy\/","title":{"rendered":"Politique de confidentialit\u00e9"},"content":{"rendered":"\t\t\t\t\t\t\t\t<section class=\"c-wysiwyg\">\r\n\t\t\t\t\t<div class=\"o-wrapper \">\r\n\t\t\t\t\t\t<h1><strong>CHARTE DE PROTECTION DES DONN\u00c9ES PERSONNELLES<\/strong><\/h1>\n<p><em>Version mise \u00e0 jour le 28 Septembre 2022<\/em><\/p>\n<p>Nous attachons une grande importance \u00e0 la protection de vos donn\u00e9es personnelles.<\/p>\n<p>Cette Charte de protection des donn\u00e9es personnelles a donc pour objet de vous pr\u00e9senter plus en d\u00e9tail notre approche concernant vos donn\u00e9es personnelles, de vous expliquer les quelques cas dans lesquels nous devons tout de m\u00eame collecter des informations qui vous concernent, les raisons pour lesquelles nous collectons alors certaines donn\u00e9es, et l\u2019utilisation que nous en faisons. Elle pr\u00e9sente \u00e9galement les mesures de s\u00e9curit\u00e9 que nous appliquons pour prot\u00e9ger leur confidentialit\u00e9, et rappelle vos droits et comment les exercer.<\/p>\n<h2><strong>1. G\u00c9N\u00c9RALIT\u00c9S<\/strong><\/h2>\n<p>La pr\u00e9sente Charte de Protection des Donn\u00e9es Personnelles (ci-apr\u00e8s la \u00ab\u00a0<strong>Charte<\/strong>\u00a0\u00bb) vise \u00e0 vous informer de nos pratiques concernant la collecte, l\u2019utilisation et le partage des informations que vous \u00eates amen\u00e9s \u00e0 nous fournir ou que nous recueillons via notre site internet www.ua-cast.com (le \u00ab\u00a0<strong>Site<\/strong>\u00a0\u00bb) ou nos applications mobiles (les \u00ab\u00a0<strong>Applications<\/strong>\u00a0\u00bb) ; et vous indiquer comment exercer vos droits.<\/p>\n<p>La R\u00e8glementation sur les Donn\u00e9es Personnelles (ci-apr\u00e8s la \u00ab\u00a0<strong>R\u00e8glementation<\/strong>\u00a0\u00bb) d\u00e9signe ensemble le r\u00e8glement (UE) 2016\/679 du 27 avril 2016 relatif \u00e0 la protection des donn\u00e9es personnelles (r\u00e8glement dit \u00ab RGPD \u00bb) et tout texte l\u00e9gislatif ou r\u00e9glementaire qui viendrait en faire application.<\/p>\n<p>Les donn\u00e9es \u00e0 caract\u00e8re personnel (ci-apr\u00e8s \u00ab\u00a0<strong>Donn\u00e9es Personnelles<\/strong>\u00a0\u00bb) d\u00e9signent toute information se rapportant \u00e0 une personne physique identifi\u00e9e ou identifiable qui peut \u00eatre identifi\u00e9e personnellement, directement ou indirectement, notamment par le biais d\u2019un identifiant, tel qu\u2019un nom, pr\u00e9nom, un num\u00e9ro d\u2019identification, des donn\u00e9es de localisation, un identifiant en ligne. Ainsi, les donn\u00e9es que nous collectons peuvent inclure vos donn\u00e9es strictement personnelles, en ce qu\u2019elles permettent de vous identifier comme une personne particuli\u00e8re. A l\u2019inverse, certaines donn\u00e9es ne nous permettent pas de vous identifier directement, telle que votre profession ou vos donn\u00e9es de navigation (le type de navigateur, de terminal et de syst\u00e8me d\u2019exploitation, le chemin suivi sur le site, etc.) mais sont tout de m\u00eame consid\u00e9r\u00e9es comme des Donn\u00e9es Personnelles car elles sont rattach\u00e9es et\/ou rattachables aux premi\u00e8res.<\/p>\n<p>La pr\u00e9sente Charte fait partie int\u00e9grante des conditions d\u2019utilisation des Applications. En acceptant les conditions d\u2019utilisation des Applications vous acceptez express\u00e9ment les dispositions de cette Charte.<\/p>\n<p>Nous vous invitons \u00e0 lire attentivement le pr\u00e9sent document pour conna\u00eetre, comprendre nos pratiques quant aux traitements de vos Donn\u00e9es Personnelles que nous mettons en \u0153uvre et les droits qui vous sont offerts.<\/p>\n<h2><strong>2. TRAITEMENT DES DONN\u00c9ES RECUEILLIES PAR UA-CAST<\/strong><\/h2>\n<p>Lorsque vous utilisez notre Site et\/ou nos Applications, certaines Donn\u00e9es Personnelles peuvent \u00eatre amen\u00e9es \u00e0 \u00eatre collect\u00e9es. ua-cast et ses soci\u00e9t\u00e9s affili\u00e9es peuvent s\u2019\u00e9changer ces Donn\u00e9es Personnelles et les utiliser conform\u00e9ment \u00e0 la pr\u00e9sente Charte. Vous n\u2019\u00eates pas oblig\u00e9 de nous communiquer certaines des Donn\u00e9es Personnelles que nous vous demandons. Cependant, si vous choisissez de ne pas les communiquer, l\u2019acc\u00e8s \u00e0 certains services mis en \u0153uvre par notre Site et\/ou nos Applications pourra \u00eatre limit\u00e9.<\/p>\n<p>Toutes les informations que vous avez pu fournir \u00e0 ua-cast lors de vos visites sur notre Site ou lors de l\u2019utilisation de nos Applications sont strictement confidentielles. Ces informations sont n\u00e9cessaires \u00e0 la finalit\u00e9 de leurs traitements telle que la mise en \u0153uvre des services propos\u00e9s par les Applications.<\/p>\n<h3><strong>2.1. Base l\u00e9gale des traitements de Donn\u00e9es Personnelles<\/strong><\/h3>\n<p>Conform\u00e9ment \u00e0 la R\u00e8glementation, la majorit\u00e9 des traitements d\u00e9sign\u00e9s dans la pr\u00e9sente Charte ont re\u00e7u votre consentement pr\u00e9alable.<\/p>\n<p>Les traitements qui n\u2019ont pas re\u00e7u votre consentement sont n\u00e9cessaires \u00e0 l\u2019ex\u00e9cution de nos obligations contractuelles en lien avec les services propos\u00e9s sur le Site et\/ou nos Applications, sont justifi\u00e9s par une obligation l\u00e9gale nous incombant ou se fondent sur un int\u00e9r\u00eat l\u00e9gitime.<\/p>\n<h3><strong>2.2. Types de Donn\u00e9es Personnelles recueillies par ua-cast<\/strong><\/h3>\n<p>Donn\u00e9es Personnelles que vous nous communiquez<\/p>\n<p>En utilisant le Site et\/ou les Applications, vous pouvez \u00eatre amen\u00e9s \u00e0 partager volontairement des Donn\u00e9es Personnelles. Ces Donn\u00e9es Personnelles sont notamment transmises \u00e0 ua-cast lorsque :<\/p>\n<ul>\n<li>Vous cr\u00e9ez un compte utilisateur ua-cast via le Site et\/ou les Applications ;<\/li>\n<li>Vous utilisez le Site et\/ou les Applications ;<\/li>\n<li>Vous contactez notre Service Client ;<\/li>\n<\/ul>\n<p>Ces Donn\u00e9es Personnelles comprennent notamment les \u00e9l\u00e9ments suivants : votre nom, pr\u00e9nom(s), mot de passe, adresse email. Le caract\u00e8re facultatif des donn\u00e9es vous est signal\u00e9 lors de la collecte.<\/p>\n<h4><strong>Donn\u00e9es Personnelles que ua-cast recueille automatiquement\u00a0<\/strong><\/h4>\n<p>Lorsque vous naviguez sur notre Site, nous collectons automatiquement les donn\u00e9es des cookies qui permettent ou facilitent la communication par voie \u00e9lectronique ou sont strictement n\u00e9cessaires \u00e0 la fourniture d\u2019un service de communication en ligne.<\/p>\n<h4><strong>Donn\u00e9es Personnelles que ua-cast obtient de tiers<\/strong><\/h4>\n<p>Si vous t\u00e9l\u00e9chargez une Application via une plateforme de t\u00e9l\u00e9chargement d\u2019applications ou si vous vous connectez \u00e0 notre Site et\/ou nos Applications par le biais d\u2019un r\u00e9seau social, nous aurons acc\u00e8s \u00e0 certaines Donn\u00e9es Personnelles conform\u00e9ment aux conditions g\u00e9n\u00e9rales d\u2019utilisation des plateformes et du r\u00e9seau social concern\u00e9.<\/p>\n<h2><strong>3. CONSERVATION ET SUPPRESSION DES DONN\u00c9ES<\/strong><\/h2>\n<p>Nous conservons vos Donn\u00e9es Personnelles aussi longtemps que n\u00e9cessaire notamment pour l\u2019ex\u00e9cution de nos obligations contractuelles, la conformit\u00e9 avec nos obligations l\u00e9gales ou la r\u00e9solution des diff\u00e9rends. Nous conservons certaines de vos Donn\u00e9es Personnelles tant que vous disposez d\u2019un compte ua-cast.<\/p>\n<p>Sur votre demande, nous supprimerons ou rendrons anonymes vos Donn\u00e9es Personnelles afin que vous ne puissiez plus \u00eatre identifi\u00e9, \u00e0 moins que la loi ne nous autorise ou nous contraigne \u00e0 conserver certaines Donn\u00e9es Personnelles, notamment dans les situations suivantes :<\/p>\n<ul>\n<li>S\u2019il existe un probl\u00e8me non r\u00e9solu concernant votre compte, comme un impay\u00e9 ou une r\u00e9clamation ou un litige non r\u00e9solu, nous conserverons les Donn\u00e9es Personnelles n\u00e9cessaires jusqu\u2019\u00e0 ce que le probl\u00e8me soit r\u00e9solu ;<\/li>\n<li>Si nous sommes tenus de conserver les Donn\u00e9es Personnelles du fait d\u2019obligations juridiques, fiscales, d\u2019audit et de comptabilit\u00e9, nous conserverons les Donn\u00e9es Personnelles n\u00e9cessaires pendant la p\u00e9riode exig\u00e9e par la loi applicable ; et\/ou<\/li>\n<li>Si ces donn\u00e9es sont requises pour nos int\u00e9r\u00eats l\u00e9gitimes, tels que la pr\u00e9vention des fraudes ou la s\u00e9curit\u00e9 de nos utilisateurs.<\/li>\n<\/ul>\n<p>ua-cast pourra \u00e9galement \u00e0 son initiative rendre anonymes certaines de vos Donn\u00e9es Personnelles.<\/p>\n<p>Dans toute autre situation, nous conserverons vos Donn\u00e9es Personnelles pendant une p\u00e9riode que nous jugeons raisonnable.<\/p>\n<h2><strong>4. PARTAGE DES DONN\u00c9ES PERSONNELLES \u00c0 DES TIERS<\/strong><\/h2>\n<p>Nous ne transmettrons pas vos Donn\u00e9es Personnelles \u00e0 des tiers susceptibles de les utiliser \u00e0 des fins de prospection commerciale sans votre consentement expr\u00e8s.<\/p>\n<p>Conform\u00e9ment \u00e0 la l\u00e9gislation applicable et avec votre consentement lorsqu\u2019il est requis, nous pouvons agr\u00e9ger vos Donn\u00e9es Personnelles que nous recevons ou envoyons \u00e0 nos partenaires commerciaux, notamment tout ou partie de vos Donn\u00e9es collect\u00e9es par l\u2019interm\u00e9diaire de cookies.<\/p>\n<p>Nous faisons appel \u00e0 des tiers de confiance pour r\u00e9aliser diff\u00e9rentes op\u00e9rations en notre nom. Nous pouvons leur fournir les informations dont ils ont besoin pour r\u00e9aliser un service donn\u00e9 et leur demandons de ne pas utiliser vos Donn\u00e9es Personnelles pour d\u2019autres finalit\u00e9s. Nous pourrons \u00eatre amen\u00e9s \u00e0 leur\u00a0 transf\u00e9rer certaines Donn\u00e9es Personnelles qui sont n\u00e9cessaires pour (i) l\u2019exploitation, l\u2019animation, la maintenance de notre Site et\/ou de nos Applications ; (ii) assurer l\u2019accomplissement de t\u00e2ches n\u00e9cessaires \u00e0 l\u2019ex\u00e9cution de votre demande sur le Site (prestations techniques, v\u00e9rification d\u2019identit\u00e9) ou assurer la r\u00e9alisation des prestations propos\u00e9es par les Applications ; (iii) assurer la mise en \u0153uvre de certains aspects du service apr\u00e8s-vente ; (iv) lutter contre la fraude ; (v) r\u00e9pondre \u00e0 la demande des autorit\u00e9s.<\/p>\n<p>Ainsi, vos Donn\u00e9es Personnelles pourront faire l\u2019objet d\u2019un transfert \u00e0 un tiers lorsque nous avons l\u2019obligation l\u00e9gale de le faire ou si nous pensons de bonne foi que cela est n\u00e9cessaire pour (a) se conformer \u00e0 toute demande judiciaire ; (b) se conformer \u00e0 toute demande des autorit\u00e9s ; (c) en cas d\u2019urgence mettant en jeu la sant\u00e9 publique ou l\u2019int\u00e9grit\u00e9 physique d\u2019une personne ; (d) dans le cadre d\u2019enqu\u00eates et d\u2019investigations ; ou (e) afin de garantir les droits, les biens et la s\u00e9curit\u00e9 de ua-cast et plus g\u00e9n\u00e9ralement de tout tiers.<\/p>\n<h2><strong>5. TRANSFERT DES DONN\u00c9ES HORS UNION EUROP\u00c9ENNE<\/strong><\/h2>\n<p>Nous conservons vos Donn\u00e9es Personnelles dans des serveurs situ\u00e9s dans l\u2019Union Europ\u00e9enne. Toutefois, il est possible que les Donn\u00e9es Personnelles que nous recueillons lorsque vous utilisez notre Site et\/ou nos Applications soient transf\u00e9r\u00e9es dans d\u2019autres pays, certains d\u2019entre eux pouvant avoir une l\u00e9gislation sur la protection des Donn\u00e9es Personnelles moins protectrice que celle en vigueur dans le pays o\u00f9 vous r\u00e9sidez. Nous nous engageons \u00e0 prendre toutes les mesures requises afin de nous assurer que les engagements contractuels avec ces tiers soient conformes \u00e0 la R\u00e8glementation. Ces mesures peuvent inclure un contr\u00f4le des normes appliqu\u00e9es par ces tiers en mati\u00e8re de protection des donn\u00e9es \u00e0 caract\u00e8re personnel et de s\u00e9curit\u00e9 et\/ou la signature de contrats appropri\u00e9s (sur la base du mod\u00e8le adopt\u00e9 par la Commission europ\u00e9enne).<\/p>\n<p>Nous pouvons faire appel aux services de sous-traitants situ\u00e9s en dehors de l\u2019Union Europ\u00e9enne notamment pour r\u00e9pondre \u00e0 vos demandes de service apr\u00e8s-vente.<\/p>\n<p>Pour plus de d\u00e9tails sur le transfert de vos Donn\u00e9es Personnelles en dehors de l\u2019Union Europ\u00e9enne, nous vous invitons \u00e0 nous contacter \u00e0 l\u2019adresse suivante :\u00a0<a href=\"mail:contact@ua-cast.com\">contact@ua-cast.com<\/a>.<\/p>\n<h2><strong>6. CONTR\u00d4LE DES INFORMATIONS PERSONNELLES PARTAG\u00c9ES AVEC UA-CAST<\/strong><\/h2>\n<h3><strong>6.1 Droits relatifs \u00e0 vos Donn\u00e9es Personnelles<\/strong><\/h3>\n<p>Conform\u00e9ment \u00e0 la R\u00e8glementation en vigueur, vous disposez d\u2019un ensemble de droits relatifs aux Donn\u00e9es Personnelles vous concernant, notamment :<\/p>\n<ul>\n<li><strong>Un droit d\u2019acc\u00e8s :\u00a0<\/strong>vous pouvez obtenir une copie de l\u2019ensemble de vos donn\u00e9es trait\u00e9es par ua-cast, ainsi que les informations relatives aux caract\u00e9ristiques des traitements op\u00e9r\u00e9s sur vos donn\u00e9es.<\/li>\n<\/ul>\n<ul>\n<li><strong>Un droit de rectification<\/strong>\u00a0: vous pouvez obtenir la rectification et\/ou la compl\u00e9tude de vos donn\u00e9es inexactes et\/ou incompl\u00e8tes.<\/li>\n<\/ul>\n<ul>\n<li><strong>Un droit \u00e0 l\u2019effacement<\/strong>\u00a0: vous pouvez obtenir l\u2019effacement de vos donn\u00e9es lorsque (i) ces donn\u00e9es ne sont plus n\u00e9cessaires aux finalit\u00e9s pour lesquelles elles ont \u00e9t\u00e9 collect\u00e9es, (ii) vous exercez votre droit d\u2019opposition aux traitements concern\u00e9s, ou (iii) le traitement concern\u00e9 est illicite. Toutefois, ce droit ne s\u2019applique pas lorsque la conservation de vos donn\u00e9es est n\u00e9cessaire \u00e0 ua-cast pour respecter une obligation l\u00e9gale ou pour l\u2019exercice de droits en justice ;<\/li>\n<\/ul>\n<ul>\n<li><strong>Un droit \u00e0 la limitation du traitement<\/strong>\u00a0: vous pouvez obtenir une limitation du traitement des donn\u00e9es vous concernant lorsque vous contestez l\u2019exactitude des donn\u00e9es, pendant une dur\u00e9e permettant \u00e0 ua-cast d\u2019effectuer les v\u00e9rifications ad\u00e9quates. Il en est de m\u00eame lorsque ua-cast n\u2019a plus besoin des donn\u00e9es mais qu\u2019elles vous sont encore n\u00e9cessaires pour la d\u00e9fense d\u2019un droit en justice, ou lorsque vous exercez votre droit d\u2019opposition, le temps de l\u2019\u00e9tude de votre demande par ua-cast. Lorsqu\u2019une telle limitation est mise en place, les donn\u00e9es ne peuvent \u00eatre trait\u00e9es, sauf pour leur conservation, qu\u2019avec votre consentement ou pour la d\u00e9fense d\u2019un droit en justice.<\/li>\n<\/ul>\n<ul>\n<li><strong>Un droit \u00e0 la portabilit\u00e9 :<\/strong>\u00a0vous pouvez obtenir les donn\u00e9es que vous avez fournies \u00e0 ua-cast et qui sont utilis\u00e9es par ce dernier dans le cadre de traitements n\u00e9cessaires \u00e0 l\u2019ex\u00e9cution de votre contrat, dans un format structur\u00e9, couramment utilis\u00e9 et lisible par machine, et leur transmission par ua-cast \u00e0 un autre prestataire lorsque cela est techniquement possible.<\/li>\n<\/ul>\n<ul>\n<li><strong>Un droit d\u2019opposition<\/strong>\u00a0: vous pouvez demander \u00e0 ua-cast, pour des raisons tenant \u00e0 votre situation particuli\u00e8re, de cesser les traitements que ce dernier op\u00e8re sur vos donn\u00e9es aux fins de poursuivre ses int\u00e9r\u00eats l\u00e9gitimes. ua-cast cessera alors ces traitements \u00e0 moins qu\u2019il ne justifie que ses int\u00e9r\u00eats l\u00e9gitimes et imp\u00e9rieux priment sur vos droits et libert\u00e9s.<\/li>\n<\/ul>\n<ul>\n<li><strong>Un droit de d\u00e9finir des directives g\u00e9n\u00e9rales et particuli\u00e8res<\/strong>\u00a0d\u00e9finissant la mani\u00e8re dont vous entendez que soient exerc\u00e9s les droits ci-dessus\u00a0<strong>apr\u00e8s votre d\u00e9c\u00e8s<\/strong>.<\/li>\n<\/ul>\n<h3><strong>6.2 Proc\u00e9dure d\u2019exercice de vos droits<\/strong><\/h3>\n<p>Pour exercer vos droits sur vos Donn\u00e9es Personnelles, vous pouvez adresser votre demande \u00e0 l\u2019adresse\u00a0<a href=\"mail:contact@ua-cast.com\">contact@ua-cast.com<\/a>, en indiquant vos nom, pr\u00e9nom, adresse e-mail et si possible votre r\u00e9f\u00e9rence client. Conform\u00e9ment \u00e0 la r\u00e9glementation en vigueur, votre demande doit \u00eatre sign\u00e9e et accompagn\u00e9e de la photocopie d\u2019un titre d\u2019identit\u00e9 portant votre signature et pr\u00e9ciser l\u2019adresse \u00e0 laquelle nous devons vous faire parvenir la r\u00e9ponse.<\/p>\n<p>Veuillez noter que nous sommes susceptibles de conserver certaines informations vous concernant lorsque la loi nous l\u2019impose ou en cas d\u2019int\u00e9r\u00eat l\u00e9gitime tel que la fraude ou la participation de ua-cast aux retours d\u2019exp\u00e9riences aupr\u00e8s des autorit\u00e9s en charge de l\u2019aviation civile. C\u2019est par exemple le cas si nous estimons que vous avez commis une fraude ou viol\u00e9 les Conditions G\u00e9n\u00e9rales d\u2019Utilisation du Site et\/ou des Applications et que nous souhaitons \u00e9viter que vous contourniez les r\u00e8gles applicables \u00e0 notre communaut\u00e9.<\/p>\n<h3><strong>6.3 R\u00e9clamation aupr\u00e8s de l\u2019autorit\u00e9 de contr\u00f4le<\/strong><\/h3>\n<p>Vous disposez par ailleurs du droit d\u2019introduire une r\u00e9clamation aupr\u00e8s de l\u2019autorit\u00e9 de contr\u00f4le fran\u00e7aise ou de celle du pays dans lequel se trouve votre r\u00e9sidence habituelle si vous consid\u00e9rez qu\u2019un traitement op\u00e9r\u00e9 par ua-cast enfreint les dispositions du R\u00e8glement europ\u00e9en sur la protection des donn\u00e9es personnelles. A titre indicatif, pour la France, l\u2019autorit\u00e9 de contr\u00f4le en charge du respect des obligations en mati\u00e8re de donn\u00e9es personnelles est la Commission Nationale de l\u2019Informatique et des Libert\u00e9s (CNIL).<\/p>\n<h2><strong>7. PROC\u00c9DURES DE S\u00c9CURIT\u00c9 ET DE PROTECTION DES DONN\u00c9ES PERSONNELLES<\/strong><\/h2>\n<p>Afin d\u2019assurer la protection et la confidentialit\u00e9 des Donn\u00e9es Personnelles qui nous sont communiqu\u00e9es, nous utilisons des mesures de contr\u00f4le \u00e0 la fois techniques, physiques et proc\u00e9durales qui sont mises en \u0153uvre lors de la collecte, le traitement et le transfert de vos Donn\u00e9es Personnelles. A ce titre nous avons mis en place diverses mesures, y compris des politiques de pseudonymisation, de chiffrement, d\u2019acc\u00e8s et de conservation.<\/p>\n<p>Nous appliquons \u00e9galement des proc\u00e9dures de s\u00e9curit\u00e9 limitant l\u2019utilisation et l\u2019acc\u00e8s \u00e0 vos Donn\u00e9es Personnelles pr\u00e9sentes sur nos serveurs. Seul le personnel habilit\u00e9 est autoris\u00e9, dans le cadre de son travail, \u00e0 acc\u00e9der \u00e0 vos Donn\u00e9es Personnelles.<\/p>\n<h2><strong>8. GESTION DES DONN\u00c9ES PERSONNELLES DES MINEURS<\/strong><\/h2>\n<p>Conform\u00e9ment \u00e0 la R\u00e9glementation sur les donn\u00e9es personnelles, la collecte de Donn\u00e9es Personnelles d\u2019un enfant \u00e2g\u00e9 de moins de seize (16) ans n\u2019est autoris\u00e9e qu\u2019avec le consentement valide du d\u00e9tenteur de l\u2019autorit\u00e9 parentale. Si vous avez moins de seize (16) ans et si vous n\u2019avez pas le consentement de votre parent ou responsable l\u00e9gal, veuillez ne fournir aucune Donn\u00e9e Personnelle. Si nous apprenons que nous avons recueilli les Donn\u00e9es Personnelles d\u2019un enfant de moins de seize (16) ans sans le consentement valide du parent ou du responsable l\u00e9gal, nous les supprimerons sauf accord contraire du parent ou responsable l\u00e9gal.<\/p>\n<h2><strong>9. INFORMATIONS SUR LES COOKIES<\/strong><\/h2>\n<p><strong>Cookies tiers relatifs aux inclusions webs (\u00ab\u202fwebviews\u202f\u00bb) dans les Applications<\/strong>\u00a0: lorsque vous ouvrez des webviews \u00e0 partir d\u2019une Application, le site tiers auquel vous acc\u00e9dez peut utiliser des cookies. Nous vous invitons \u00e0 consulter les politiques de gestion des cookies de ces diff\u00e9rents sites tiers afin de prendre connaissance des finalit\u00e9s d\u2019utilisation des informations qu\u2019ils peuvent recueillir.<\/p>\n<h2><strong>10. MODIFICATION DE NOTRE CHARTE<\/strong><\/h2>\n<p>Nous pouvons \u00eatre amen\u00e9s \u00e0 apporter des modifications \u00e0 la pr\u00e9sente Charte. Nous vous conseillons de consulter r\u00e9guli\u00e8rement la page d\u00e9di\u00e9e \u00e0 la collecte et au traitement des Donn\u00e9es Personnelles sur le Site pour prendre connaissance des \u00e9ventuelles modifications ou mises \u00e0 jour apport\u00e9es \u00e0 notre Charte.<\/p>\n<h2><strong>11. NOUS CONTACTER<\/strong><\/h2>\n<p>Pour toute question relative \u00e0 la pr\u00e9sente Charte ou pour toute demande relative \u00e0 vos Donn\u00e9es Personnelles et\/ou pour exercer vos droits, vous pouvez nous contacter via l\u2019adresse suivante :\u00a0<a href=\"mail:contact@ua-cast.com\">contact@ua-cast.com<\/a>. Conform\u00e9ment \u00e0 la r\u00e9glementation en vigueur, votre demande doit \u00eatre sign\u00e9e et accompagn\u00e9e de la photocopie d\u2019un titre d\u2019identit\u00e9 portant votre signature et pr\u00e9ciser l\u2019adresse \u00e0 laquelle nous devons vous faire parvenir la r\u00e9ponse.<\/p>\n\t\t\t\t\t<\/div>\r\n\t\t\t\t<\/section>\r\n\t\t\t\t","protected":false},"excerpt":{"rendered":"","protected":false},"author":1,"featured_media":0,"parent":0,"menu_order":0,"comment_status":"closed","ping_status":"closed","template":"","meta":{"_acf_changed":false,"footnotes":""},"class_list":["post-27","page","type-page","status-publish","hentry"],"acf":[],"_links":{"self":[{"href":"https:\/\/www.ua-cast.com\/fr\/wp-json\/wp\/v2\/pages\/27","targetHints":{"allow":["GET"]}}],"collection":[{"href":"https:\/\/www.ua-cast.com\/fr\/wp-json\/wp\/v2\/pages"}],"about":[{"href":"https:\/\/www.ua-cast.com\/fr\/wp-json\/wp\/v2\/types\/page"}],"author":[{"embeddable":true,"href":"https:\/\/www.ua-cast.com\/fr\/wp-json\/wp\/v2\/users\/1"}],"replies":[{"embeddable":true,"href":"https:\/\/www.ua-cast.com\/fr\/wp-json\/wp\/v2\/comments?post=27"}],"version-history":[{"count":5,"href":"https:\/\/www.ua-cast.com\/fr\/wp-json\/wp\/v2\/pages\/27\/revisions"}],"predecessor-version":[{"id":368,"href":"https:\/\/www.ua-cast.com\/fr\/wp-json\/wp\/v2\/pages\/27\/revisions\/368"}],"wp:attachment":[{"href":"https:\/\/www.ua-cast.com\/fr\/wp-json\/wp\/v2\/media?parent=27"}],"curies":[{"name":"wp","href":"https:\/\/api.w.org\/{rel}","templated":true}]}}