{"id":133,"date":"2022-10-20T16:23:49","date_gmt":"2022-10-20T14:23:49","guid":{"rendered":"https:\/\/www.ua-cast.com\/\/?page_id=133"},"modified":"2022-11-02T17:04:28","modified_gmt":"2022-11-02T16:04:28","slug":"caracteristiques","status":"publish","type":"page","link":"https:\/\/www.ua-cast.com\/fr\/caracteristiques\/","title":{"rendered":"Caract\u00e9ristiques"},"content":{"rendered":"\t\t\t\t\t\t\t\t<section class=\"c-hero-generique overlay\">\r\n\t\t\t\t\t\t\t\t\t<div class=\"o-wrapper\">\r\n\t\t\t\t\t\t<div class=\"c-hero-generique--wrapper center\">\r\n\t\t\t\t\t\t\t\t\t\t\t\t\t\t\t\t\t\t\t\t\t<div class=\"c-spacer c-spacer--small\"><\/div>\r\n\t\t\t\t\t\t\t<div class=\"c-hero-generique--img shadow\" data-aos=\"fade-down\" data-aos-duration=\"800\" data-aos-delay=\"500\"><img decoding=\"async\" src=\"https:\/\/www.ua-cast.com\/wp-content\/uploads\/2022\/10\/dashboard-carateristiques.png\" alt=\"\"><\/div>\r\n\t\t\t\t\t\t\t\t\t\t\t\t\t<\/div>\r\n\t\t\t\t\t<\/div>\r\n\t\t\t\t<\/section>\n\n\t\t\t\t<section class=\"c-faq\">\r\n\t\t\t\t\t<div class=\"o-wrapper\">\r\n\t\t\t\t\t\t<div class=\"c-title c-title--xl\">FAQ<\/div>\r\n\t\t\t\t\t\t\t\t\t\t\t\t<div class=\"c-faq--wrapper\">\r\n\t\t\t\t\t\t\t\t\t\t\t\t\t\t\t\t\t\t\t\t\t<div class=\"accordion\">\r\n\t\t\t\t\t\t\t\t\t\t\t\t\t\t\t\t<div class=\"accordion__head c-faq__item__head\"><span class=\"c-title c-title--m\">Mes donn\u00e9es capt\u00e9es ua cast sont-elles s\u00e9curis\u00e9es ?<\/span><i class=\"o-icon-accordion-more\"><\/i><\/div>\r\n\t\t\t\t\t\t\t\t\t\t\t\t\t\t\t\t\t\t\t\t\t\t\t\t<div class=\"accordion__content c-faq__item__content c-wysiwyg\">\r\n\t\t\t\t\t\t\t\t\t<p><span style=\"font-weight: 400;\">Oui. La liaison ua cast b\u00e9n\u00e9ficie d\u2019un double chiffrement des donn\u00e9es, au niveau logiciel ua cast et au niveau de la liaison 4G de l\u2019op\u00e9rateur t\u00e9l\u00e9com. ua cast repose sur une technologie \u00e9prouv\u00e9e dans le milieu industriel ayant fait l\u2019objet \u00e0 plusieurs reprises d\u2019audit de cybers\u00e9curit\u00e9 par des groupes du CAC40. Les donn\u00e9es sont stock\u00e9es dans un cloud s\u00e9curis\u00e9 et \u00e9galement chiffr\u00e9, uniquement accessibles depuis votre espace web personnel.<\/span><\/p>\n\t\t\t\t\t\t\t\t<\/div>\r\n\t\t\t\t\t\t\t\t\t\t\t\t\t\t\t<\/div>\r\n\t\t\t\t\t\t\t\t\t\t\t\t\t\t\t\t\t\t\t\t\t<div class=\"accordion\">\r\n\t\t\t\t\t\t\t\t\t\t\t\t\t\t\t\t<div class=\"accordion__head c-faq__item__head\"><span class=\"c-title c-title--m\">Dans quel sc\u00e9nario DGAC puis-je \u00e9voluer avec le Parrot ANAFI Ai ua cast ?<\/span><i class=\"o-icon-accordion-more\"><\/i><\/div>\r\n\t\t\t\t\t\t\t\t\t\t\t\t\t\t\t\t\t\t\t\t\t\t\t\t<div class=\"accordion__content c-faq__item__content c-wysiwyg\">\r\n\t\t\t\t\t\t\t\t\t<p><span style=\"font-weight: 400;\">Le Parrot ANAFI Ai est homologu\u00e9 pour \u00eatre utilis\u00e9 en sc\u00e9nario S1 et S3 d\u00e9finis par la DGAC (Direction G\u00e9n\u00e9rale de l\u2019Aviation Civile). Vous devez vous assurer que vous avez l\u2019habilitation n\u00e9cessaire pour voler dans ces sc\u00e9narios. L\u2019option ua cast n\u2019implique pas de changement \u00e0 cette homologation, le t\u00e9l\u00e9pilote restant seul responsable de la s\u00e9curit\u00e9 du vol et du respect des sc\u00e9narios.<\/span><\/p>\n\t\t\t\t\t\t\t\t<\/div>\r\n\t\t\t\t\t\t\t\t\t\t\t\t\t\t\t<\/div>\r\n\t\t\t\t\t\t\t\t\t\t\t\t\t\t\t\t\t\t\t\t\t<div class=\"accordion\">\r\n\t\t\t\t\t\t\t\t\t\t\t\t\t\t\t\t<div class=\"accordion__head c-faq__item__head\"><span class=\"c-title c-title--m\">Comment activer ua cast ?<\/span><i class=\"o-icon-accordion-more\"><\/i><\/div>\r\n\t\t\t\t\t\t\t\t\t\t\t\t\t\t\t\t\t\t\t\t\t\t\t\t<div class=\"accordion__content c-faq__item__content c-wysiwyg\">\r\n\t\t\t\t\t\t\t\t\t<p><span style=\"font-weight: 400;\">Si vous n\u2019avez pas de drone, vous pouvez vous rapprocher d\u2019un distributeur (voir liste des distributeurs ua cast) pour commander un drone Parrot ANAFI Ai avec l\u2019option ua cast install\u00e9e et activ\u00e9e en votre nom.<\/span><\/p>\n<p><span style=\"font-weight: 400;\">Si vous avez d\u00e9j\u00e0 un Parrot ANAFI Ai, rapprochez-vous de votre distributeur pour \u00e9tudier la faisabilit\u00e9 d\u2019installer et activer ua cast sur votre drone.<\/span><\/p>\n<p><span style=\"font-weight: 400;\">Pour plus d\u2019informations, veuillez vous rapprocher d\u2019un distributeur ua cast.<\/span><\/p>\n\t\t\t\t\t\t\t\t<\/div>\r\n\t\t\t\t\t\t\t\t\t\t\t\t\t\t\t<\/div>\r\n\t\t\t\t\t\t\t\t\t\t\t\t\t\t\t\t\t\t\t\t\t<div class=\"accordion\">\r\n\t\t\t\t\t\t\t\t\t\t\t\t\t\t\t\t<div class=\"accordion__head c-faq__item__head\"><span class=\"c-title c-title--m\">Quels sont les pr\u00e9requis pour utiliser ua cast ?<\/span><i class=\"o-icon-accordion-more\"><\/i><\/div>\r\n\t\t\t\t\t\t\t\t\t\t\t\t\t\t\t\t\t\t\t\t\t\t\t\t<div class=\"accordion__content c-faq__item__content c-wysiwyg\">\r\n\t\t\t\t\t\t\t\t\t<p><span style=\"font-weight: 400;\">Un Parrot ANAFI Ai avec l\u2019option ua cast install\u00e9e et activ\u00e9e, a minima une carte SIM 4G pour le drone, et un appareil mobile conn\u00e9ct\u00e9 \u00e0 Internet (smartphone iPhone ou tablette iPad mini) \u00e0 attacher au Skycontroller.<\/span><\/p>\n<p><span style=\"font-weight: 400;\">Pour plus de conseils sur les options et choix mat\u00e9riels, veuillez vous rapprocher d\u2019un distributeur ua cast qui pourra vous fournir une solution packag\u00e9e qui r\u00e9pondra \u00e0 votre besoin.<\/span><\/p>\n\t\t\t\t\t\t\t\t<\/div>\r\n\t\t\t\t\t\t\t\t\t\t\t\t\t\t\t<\/div>\r\n\t\t\t\t\t\t\t\t\t\t\t\t\t\t\t\t\t\t\t\t\t<div class=\"accordion\">\r\n\t\t\t\t\t\t\t\t\t\t\t\t\t\t\t\t<div class=\"accordion__head c-faq__item__head\"><span class=\"c-title c-title--m\">J\u2019ai l\u2019habitude de voler avec un ANAFI Ai. ua cast va t-elle perturber mes habitudes ?<\/span><i class=\"o-icon-accordion-more\"><\/i><\/div>\r\n\t\t\t\t\t\t\t\t\t\t\t\t\t\t\t\t\t\t\t\t\t\t\t\t<div class=\"accordion__content c-faq__item__content c-wysiwyg\">\r\n\t\t\t\t\t\t\t\t\t<p><span style=\"font-weight: 400;\">Non, bien qu\u2019ua cast soit l\u2019application mobile \u00e0 t\u00e9l\u00e9charger \u00e0 la place de FreeFlight 7, elle ne d\u00e9grade ni ne modifie les fonctionnalit\u00e9s natives de l\u2019ANAFI Ai. Elle enrichit simplement l\u2019application FreeFlight 7 de ses nouvelles fonctionnalit\u00e9s. Vous allez retrouver vos menus et votre exp\u00e9rience de vol inchang\u00e9s.<\/span><\/p>\n\t\t\t\t\t\t\t\t<\/div>\r\n\t\t\t\t\t\t\t\t\t\t\t\t\t\t\t<\/div>\r\n\t\t\t\t\t\t\t\t\t\t\t\t\t\t\t\t\t\t\t\t\t<div class=\"accordion\">\r\n\t\t\t\t\t\t\t\t\t\t\t\t\t\t\t\t<div class=\"accordion__head c-faq__item__head\"><span class=\"c-title c-title--m\">Combien d&rsquo;utilisateurs simultan\u00e9s peuvent rejoindre une mission ua cast ?<\/span><i class=\"o-icon-accordion-more\"><\/i><\/div>\r\n\t\t\t\t\t\t\t\t\t\t\t\t\t\t\t\t\t\t\t\t\t\t\t\t<div class=\"accordion__content c-faq__item__content c-wysiwyg\">\r\n\t\t\t\t\t\t\t\t\t<p><span style=\"font-weight: 400;\">Avec ua cast vous pouvez \u00eatre jusqu\u2019\u00e0 trois utilisateurs distants et simultan\u00e9s dans une m\u00eame mission.<\/span><\/p>\n\t\t\t\t\t\t\t\t<\/div>\r\n\t\t\t\t\t\t\t\t\t\t\t\t\t\t\t<\/div>\r\n\t\t\t\t\t\t\t\t\t\t\t\t\t\t\t\t\t\t\t\t\t<div class=\"accordion\">\r\n\t\t\t\t\t\t\t\t\t\t\t\t\t\t\t\t<div class=\"accordion__head c-faq__item__head\"><span class=\"c-title c-title--m\">A quoi sert mon espace web ua cast personnel ?<\/span><i class=\"o-icon-accordion-more\"><\/i><\/div>\r\n\t\t\t\t\t\t\t\t\t\t\t\t\t\t\t\t\t\t\t\t\t\t\t\t<div class=\"accordion__content c-faq__item__content c-wysiwyg\">\r\n\t\t\t\t\t\t\t\t\t<p><span style=\"font-weight: 400;\">Dans votre espace web ua cast personnel, vous pouvez retrouver les 3 derni\u00e8res vid\u00e9os stream\u00e9es de votre drone, les jouer dans le navigateur web ou encore les t\u00e9l\u00e9charger. Vous avez aussi la possibilit\u00e9 de passer de l\u2019un \u00e0 l\u2019autre de vos drones ANAFI Ai si vous \u00eates propri\u00e9taires de plusieurs ANAFI Ai ua cast, dont les licences auront pr\u00e9alablement \u00e9t\u00e9 activ\u00e9es en votre nom.<\/span><\/p>\n\t\t\t\t\t\t\t\t<\/div>\r\n\t\t\t\t\t\t\t\t\t\t\t\t\t\t\t<\/div>\r\n\t\t\t\t\t\t\t\t\t\t\t\t\t\t\t\t\t\t\t\t\t<div class=\"accordion\">\r\n\t\t\t\t\t\t\t\t\t\t\t\t\t\t\t\t<div class=\"accordion__head c-faq__item__head\"><span class=\"c-title c-title--m\">Est-il possible de transf\u00e9rer une licence ua cast d\u00e9j\u00e0 activ\u00e9e sur un ANAFI Ai vers un autre ANAFI Ai ?<\/span><i class=\"o-icon-accordion-more\"><\/i><\/div>\r\n\t\t\t\t\t\t\t\t\t\t\t\t\t\t\t\t\t\t\t\t\t\t\t\t<div class=\"accordion__content c-faq__item__content c-wysiwyg\">\r\n\t\t\t\t\t\t\t\t\t<p>Non. La licence ua cast est une licence personnelle et unique, activable sur un seul drone, ceci afin d\u2019assurer une s\u00e9curit\u00e9 maximale pour vos drones et vos donn\u00e9es.<\/p>\n\t\t\t\t\t\t\t\t<\/div>\r\n\t\t\t\t\t\t\t\t\t\t\t\t\t\t\t<\/div>\r\n\t\t\t\t\t\t\t\t\t\t\t\t\t<\/div>\r\n\t\t\t\t\t\t\t\t\t\t\t<\/div>\r\n\t\t\t\t<\/section>\n\n\t\t\t\t<section class=\"c-caracteristiques\">\r\n\t\t\t\t\t<div class=\"o-wrapper\">\r\n\t\t\t\t\t\t\t\t\t\t\t\t<div class=\"c-title c-title--xl\"><h2>Caract\u00e9ristiques techniques<\/h2>\n<\/div>\r\n\t\t\t\t\t\t\t\t\t\t\t\t\t\t\t\t\t\t<div class=\"c-caracteristiques--table\">\r\n\t\t\t\t\t\t\t\t\t\t\t\t\t\t\t\t\t\t\t\t\t<div class=\"c-caracteristiques--table--row\">\r\n\t\t\t\t\t\t\t\t<div class=\"c-caracteristiques--table--row--left\">\r\n\t\t\t\t\t\t\t\t\t\t\t\t\t\t\t\t\t\t<div class=\"c-title c-title--m\">Compatibilit\u00e9 drone<\/div>\r\n\t\t\t\t\t\t\t\t\t\t\t\t\t\t\t\t\t<\/div>\r\n\t\t\t\t\t\t\t\t<div class=\"c-caracteristiques--table--row--right\">\r\n\t\t\t\t\t\t\t\t\t\t\t\t\t\t\t\t\t\t<div class=\"c-title--m\">Parrot ANAFI Ai<\/div>\r\n\t\t\t\t\t\t\t\t\t\t\t\t\t\t\t\t\t<\/div>\r\n\t\t\t\t\t\t\t<\/div>\r\n\t\t\t\t\t\t\t\t\t\t\t\t\t\t\t\t\t\t\t\t\t<div class=\"c-caracteristiques--table--row\">\r\n\t\t\t\t\t\t\t\t<div class=\"c-caracteristiques--table--row--left\">\r\n\t\t\t\t\t\t\t\t\t\t\t\t\t\t\t\t\t\t<div class=\"c-title c-title--m\">Environnement mobile (t\u00e9l\u00e9pilote)<\/div>\r\n\t\t\t\t\t\t\t\t\t\t\t\t\t\t\t\t\t<\/div>\r\n\t\t\t\t\t\t\t\t<div class=\"c-caracteristiques--table--row--right\">\r\n\t\t\t\t\t\t\t\t\t\t\t\t\t\t\t\t\t\t<div class=\"c-title--m\">iPhone, iPad mini \u00e0 brancher sur le Skycontroller 4 (Parrot)<\/div>\r\n\t\t\t\t\t\t\t\t\t\t\t\t\t\t\t\t\t<\/div>\r\n\t\t\t\t\t\t\t<\/div>\r\n\t\t\t\t\t\t\t\t\t\t\t\t\t\t\t\t\t\t\t\t\t<div class=\"c-caracteristiques--table--row\">\r\n\t\t\t\t\t\t\t\t<div class=\"c-caracteristiques--table--row--left\">\r\n\t\t\t\t\t\t\t\t\t\t\t\t\t\t\t\t\t\t<div class=\"c-title c-title--m\">Compatibilit\u00e9 iOS<\/div>\r\n\t\t\t\t\t\t\t\t\t\t\t\t\t\t\t\t\t<\/div>\r\n\t\t\t\t\t\t\t\t<div class=\"c-caracteristiques--table--row--right\">\r\n\t\t\t\t\t\t\t\t\t\t\t\t\t\t\t\t\t\t<div class=\"c-title--m\">IOS 8<\/div>\r\n\t\t\t\t\t\t\t\t\t\t\t\t\t\t\t\t\t<\/div>\r\n\t\t\t\t\t\t\t<\/div>\r\n\t\t\t\t\t\t\t\t\t\t\t\t\t\t\t\t\t\t\t\t\t<div class=\"c-caracteristiques--table--row\">\r\n\t\t\t\t\t\t\t\t<div class=\"c-caracteristiques--table--row--left\">\r\n\t\t\t\t\t\t\t\t\t\t\t\t\t\t\t\t\t\t<div class=\"c-title c-title--m\">Supports compatibles (spectateurs)<\/div>\r\n\t\t\t\t\t\t\t\t\t\t\t\t\t\t\t\t\t<\/div>\r\n\t\t\t\t\t\t\t\t<div class=\"c-caracteristiques--table--row--right\">\r\n\t\t\t\t\t\t\t\t\t\t\t\t\t\t\t\t\t\t<div class=\"c-title--m\">Navigateur web sur PCs, Tablettes, Smartphones<\/div>\r\n\t\t\t\t\t\t\t\t\t\t\t\t\t\t\t\t\t<\/div>\r\n\t\t\t\t\t\t\t<\/div>\r\n\t\t\t\t\t\t\t\t\t\t\t\t\t\t\t\t\t\t\t\t\t<div class=\"c-caracteristiques--table--row\">\r\n\t\t\t\t\t\t\t\t<div class=\"c-caracteristiques--table--row--left\">\r\n\t\t\t\t\t\t\t\t\t\t\t\t\t\t\t\t\t\t<div class=\"c-title c-title--m\">Langues disponibles<\/div>\r\n\t\t\t\t\t\t\t\t\t\t\t\t\t\t\t\t\t<\/div>\r\n\t\t\t\t\t\t\t\t<div class=\"c-caracteristiques--table--row--right\">\r\n\t\t\t\t\t\t\t\t\t\t\t\t\t\t\t\t\t\t<div class=\"c-title--m\">Fran\u00e7ais, Anglais, Espagnol, Allemand<\/div>\r\n\t\t\t\t\t\t\t\t\t\t\t\t\t\t\t\t\t<\/div>\r\n\t\t\t\t\t\t\t<\/div>\r\n\t\t\t\t\t\t\t\t\t\t\t\t\t\t\t\t\t\t\t\t\t<div class=\"c-caracteristiques--table--row\">\r\n\t\t\t\t\t\t\t\t<div class=\"c-caracteristiques--table--row--left\">\r\n\t\t\t\t\t\t\t\t\t\t\t\t\t\t\t\t\t\t<div class=\"c-title c-title--m\">Connectivit\u00e9<\/div>\r\n\t\t\t\t\t\t\t\t\t\t\t\t\t\t\t\t\t<\/div>\r\n\t\t\t\t\t\t\t\t<div class=\"c-caracteristiques--table--row--right\">\r\n\t\t\t\t\t\t\t\t\t\t\t\t\t\t\t\t\t\t<div class=\"c-title--m\">Wifi, 4G, compatible avec n\u2019importe quel op\u00e9rateur<\/div>\r\n\t\t\t\t\t\t\t\t\t\t\t\t\t\t\t\t\t<\/div>\r\n\t\t\t\t\t\t\t<\/div>\r\n\t\t\t\t\t\t\t\t\t\t\t\t\t\t\t\t\t\t\t\t\t<div class=\"c-caracteristiques--table--row\">\r\n\t\t\t\t\t\t\t\t<div class=\"c-caracteristiques--table--row--left\">\r\n\t\t\t\t\t\t\t\t\t\t\t\t\t\t\t\t\t\t<div class=\"c-title c-title--m\">Chiffrement des donn\u00e9es<\/div>\r\n\t\t\t\t\t\t\t\t\t\t\t\t\t\t\t\t\t<\/div>\r\n\t\t\t\t\t\t\t\t<div class=\"c-caracteristiques--table--row--right\">\r\n\t\t\t\t\t\t\t\t\t\t\t\t\t\t\t\t\t\t<div class=\"c-title--m\">AES-256<\/div>\r\n\t\t\t\t\t\t\t\t\t\t\t\t\t\t\t\t\t<\/div>\r\n\t\t\t\t\t\t\t<\/div>\r\n\t\t\t\t\t\t\t\t\t\t\t\t\t\t\t\t\t\t\t\t\t<div class=\"c-caracteristiques--table--row\">\r\n\t\t\t\t\t\t\t\t<div class=\"c-caracteristiques--table--row--left\">\r\n\t\t\t\t\t\t\t\t\t\t\t\t\t\t\t\t\t\t<div class=\"c-title c-title--m\">R\u00e9solution du streaming vid\u00e9o<\/div>\r\n\t\t\t\t\t\t\t\t\t\t\t\t\t\t\t\t\t<\/div>\r\n\t\t\t\t\t\t\t\t<div class=\"c-caracteristiques--table--row--right\">\r\n\t\t\t\t\t\t\t\t\t\t\t\t\t\t\t\t\t\t<div class=\"c-title--m\">1080p, 30 ips<\/div>\r\n\t\t\t\t\t\t\t\t\t\t\t\t\t\t\t\t\t<\/div>\r\n\t\t\t\t\t\t\t<\/div>\r\n\t\t\t\t\t\t\t\t\t\t\t\t\t\t\t\t\t\t\t\t\t<div class=\"c-caracteristiques--table--row\">\r\n\t\t\t\t\t\t\t\t<div class=\"c-caracteristiques--table--row--left\">\r\n\t\t\t\t\t\t\t\t\t\t\t\t\t\t\t\t\t\t<div class=\"c-title c-title--m\">Latence<\/div>\r\n\t\t\t\t\t\t\t\t\t\t\t\t\t\t\t\t\t<\/div>\r\n\t\t\t\t\t\t\t\t<div class=\"c-caracteristiques--table--row--right\">\r\n\t\t\t\t\t\t\t\t\t\t\t\t\t\t\t\t\t\t<div class=\"c-title--m\">< 0,5 s<\/div>\r\n\t\t\t\t\t\t\t\t\t\t\t\t\t\t\t\t\t<\/div>\r\n\t\t\t\t\t\t\t<\/div>\r\n\t\t\t\t\t\t\t\t\t\t\t\t\t<\/div>\r\n\t\t\t\t\t\t\t\t\t\t\t<\/div>\r\n\t\t\t\t<\/section>","protected":false},"excerpt":{"rendered":"","protected":false},"author":1,"featured_media":0,"parent":0,"menu_order":0,"comment_status":"closed","ping_status":"closed","template":"","meta":{"_acf_changed":true,"footnotes":""},"class_list":["post-133","page","type-page","status-publish","hentry"],"acf":[],"_links":{"self":[{"href":"https:\/\/www.ua-cast.com\/fr\/wp-json\/wp\/v2\/pages\/133","targetHints":{"allow":["GET"]}}],"collection":[{"href":"https:\/\/www.ua-cast.com\/fr\/wp-json\/wp\/v2\/pages"}],"about":[{"href":"https:\/\/www.ua-cast.com\/fr\/wp-json\/wp\/v2\/types\/page"}],"author":[{"embeddable":true,"href":"https:\/\/www.ua-cast.com\/fr\/wp-json\/wp\/v2\/users\/1"}],"replies":[{"embeddable":true,"href":"https:\/\/www.ua-cast.com\/fr\/wp-json\/wp\/v2\/comments?post=133"}],"version-history":[{"count":5,"href":"https:\/\/www.ua-cast.com\/fr\/wp-json\/wp\/v2\/pages\/133\/revisions"}],"predecessor-version":[{"id":292,"href":"https:\/\/www.ua-cast.com\/fr\/wp-json\/wp\/v2\/pages\/133\/revisions\/292"}],"wp:attachment":[{"href":"https:\/\/www.ua-cast.com\/fr\/wp-json\/wp\/v2\/media?parent=133"}],"curies":[{"name":"wp","href":"https:\/\/api.w.org\/{rel}","templated":true}]}}